{"id":554,"date":"2015-12-14T06:18:18","date_gmt":"2015-12-14T05:18:18","guid":{"rendered":"http:\/\/templatesden.com\/demos\/petsvets\/?page_id=554"},"modified":"2021-05-20T19:20:17","modified_gmt":"2021-05-20T17:20:17","slug":"uslugi","status":"publish","type":"page","link":"https:\/\/bolilapkabolszewo.pl\/index.php\/uslugi\/","title":{"rendered":"US\u0141UGI"},"content":{"rendered":"<div id=\"pl-554\"  class=\"panel-layout\" ><div id=\"pg-554-0\"  class=\"panel-grid panel-no-style\" ><div id=\"pgc-554-0-0\"  class=\"panel-grid-cell\" ><div id=\"panel-554-0-0-0\" class=\"so-panel widget widget_kaya-custom-title panel-first-child panel-last-child\" data-index=\"0\" ><div class=\" custom_title_wrapper\" ><div class=\"custom_title_center\"><h2 class=\"title_style1\" style=\"padding-bottom:0px; letter-spacing:1px; font-weight:bold; font-style:normal; font-size:30px; line-height:42px; text-align:center; color:#282828!important;\">ZAKRES \u015aWIADCZONYCH US\u0141UG<\/h2><div class=\"row_separator aligncenter\" \" style=\"border-top:2px solid #009c8e;  width:15%; margin-bottom:20px;\"><\/div> <div class=\"clear\"> <\/div><\/div><\/div>\t\t<div class=\"clear\"> <\/div>\n\t\t<\/div><\/div><\/div><div id=\"pg-554-1\"  class=\"panel-grid panel-has-style\" ><div class=\"siteorigin-panels-stretch panel-row-style panel-row-style-for-554-1\" data-stretch-type=\"full\" ><div id=\"pgc-554-1-0\"  class=\"panel-grid-cell\" ><div id=\"panel-554-1-0-0\" class=\"so-panel widget widget_kaya-image-box panel-first-child panel-last-child\" data-index=\"1\" >         \n      <div class=\" image_boxes image_boxes_790 image_box_image_align_top\" data-bg=\"\" style=\"\">       \n         <div class=\"image_box_img_wrapper \" ><img decoding=\"async\" src=\"http:\/\/bolilapkabolszewo.pl\/wp-content\/uploads\/2015\/12\/DSC_0605-2-x_t.jpg\" class=\"\" alt=\"\" width=\"auto\" height=\"auto\" \/><\/div><div class=\"description_box description\" style=\" padding:30px 0 0 0; \"><\/div><\/div><\/div><\/div><div id=\"pgc-554-1-1\"  class=\"panel-grid-cell\" >        <script type=\"text\/javascript\">\n          jQuery(document).ready(function($) {\n            $( \"#accordion88\" ).accordion({\n              autoHeight: true,\n              collapsible: false,\n              heightStyle: \"content\"\n            });\n          });\n        <\/script>\n                  <style type=\"text\/css\">\n        .toggle-217 .trigger.active, .toggle-217 .trigger:hover, #accordion88 strong.ui-state-active, #accordion88 strong:hover, .tabs-174.horizontal_tabs > ul > li.tab-active a, .tabs-174.horizontal_tabs > ul > li a:hover, .tabs-174.vertical_tabs > ul > li a:hover, .tabs-174.vertical_tabs > ul > li.tab-active a{\n          background-color:#009c8e!important;          color: #ffffff!important;\n         border:1px solid #223289!important;;\n        }\n        #accordion88 .accordion_animation > p,  .toggle-217 .description_box > p,  .tabs-174 .tabDetails > p{\n          color: #787878!important;\n        }\n      <\/style>\n      <div id=\"panel-554-1-1-0\" class=\"so-panel widget widget_toggle-tabs-accordion panel-first-child panel-last-child\" data-index=\"2\" ><div class=\" accordion_wrapper accordion  horizontal_tabs\" id=\"accordion88\">        <strong style=\"font-size:17px; background-color:#ffffff; letter-spacing:1px; font-weight:normal;  color:#282828; border:1px solid #e5e5e5;padding:15px 30px 15px 30px  \">Porady behawioralne<\/strong>\n        <div style=\"background-color:#ffffff; color:#787878!important; border:1px solid #e5e5e5;\"><div class=\"accordion_animation description_box\" style=\"color:#787878!important;\"><div>Cz\u0119sto zdarza si\u0119, \u017ce problemy, jakie maj\u0105 Pa\u0144stwo ze swoimi pupilami s\u0105 zwi\u0105zane z zaburzeniami zachowania. Samookaleczanie (np. wylizywanie na tle behawioralnym sier\u015bci u kot\u00f3w), niszczenie przedmiot\u00f3w, zachowania agresywne wobec ludzi i innych zwierz\u0105t, wokalizacja podczas nieobecno\u015bci opiekuna w domu to tylko niekt\u00f3re z nich.<\/div>\n<div>Ch\u0119tnie pomog\u0119 Pa\u0144stwu w rozwi\u0105zaniu tych problem\u00f3w.<\/div>\n<\/div><\/div> \n                        <strong style=\"font-size:17px; background-color:#ffffff; letter-spacing:1px; font-weight:normal;  color:#282828; border:1px solid #e5e5e5;padding:15px 30px 15px 30px  \">Profilaktyka<\/strong>\n        <div style=\"background-color:#ffffff; color:#787878!important; border:1px solid #e5e5e5;\"><div class=\"accordion_animation description_box\" style=\"color:#787878!important;\"><ul>\n<li>Szczepienia ps\u00f3w i kot\u00f3w przeciwko chorobom zaka\u017anym (w tym przeciwko w\u015bciekli\u017anie).<\/li>\n<li>Zwalczanie paso\u017cyt\u00f3w wewn\u0119trznych i zewn\u0119trznych (pch\u0142y, kleszcze i inne).<\/li>\n<\/ul>\n<\/div><\/div> \n                        <strong style=\"font-size:17px; background-color:#ffffff; letter-spacing:1px; font-weight:normal;  color:#282828; border:1px solid #e5e5e5;padding:15px 30px 15px 30px  \">Interna<\/strong>\n        <div style=\"background-color:#ffffff; color:#787878!important; border:1px solid #e5e5e5;\"><div class=\"accordion_animation description_box\" style=\"color:#787878!important;\"><ul>\n<li>Leczenie chor\u00f3b przewodu pokarmowego, chor\u00f3b g\u00f3rnych i dolnych dr\u00f3g oddechowych, zaburze\u0144 hormonalnych, schorze\u0144 uk\u0142adu moczowego, uk\u0142adu kr\u0105\u017cenia.<\/li>\n<li>W szczeg\u00f3lnych przypadkach oferuj\u0119 Pa\u0144stwu konsultacje z odpowiednim specjalist\u0105.<\/li>\n<\/ul>\n<\/div><\/div> \n                        <strong style=\"font-size:17px; background-color:#ffffff; letter-spacing:1px; font-weight:normal;  color:#282828; border:1px solid #e5e5e5;padding:15px 30px 15px 30px  \">Wystawianie paszport\u00f3w<\/strong>\n        <div style=\"background-color:#ffffff; color:#787878!important; border:1px solid #e5e5e5;\"><div class=\"accordion_animation description_box\" style=\"color:#787878!important;\"><ul>\n<li>\n<div>Wystawianie paszport\u00f3w dla ps\u00f3w, kot\u00f3w i fretek i przygotowywanie ich do wyjazd\u00f3w zagranicznych.<\/div>\n<\/li>\n<\/ul>\n<\/div><\/div> \n                        <strong style=\"font-size:17px; background-color:#ffffff; letter-spacing:1px; font-weight:normal;  color:#282828; border:1px solid #e5e5e5;padding:15px 30px 15px 30px  \">Badania laboratoryjne<\/strong>\n        <div style=\"background-color:#ffffff; color:#787878!important; border:1px solid #e5e5e5;\"><div class=\"accordion_animation description_box\" style=\"color:#787878!important;\"><ul>\n<li>Szczeg\u00f3\u0142owe testy alergiczne pod k\u0105tem alergen\u00f3w \u015brodowiskowych i pokarmowych.<\/li>\n<li>Testy p\u0142ytkowe pozwalaj\u0105ce na diagnostyk\u0119 chor\u00f3b zaka\u017anych ps\u00f3w i kot\u00f3w ( FIV, FeLV, Parwowiroza, Nos\u00f3wka, Koronawiroza, Panel chor\u00f3b odkleszczowych).<\/li>\n<li>Wymazy i posiewy bakteriologiczne, badania w kierunku grzybicy.<\/li>\n<li>Badanie biochemiczne i morfologiczne krwi.<\/li>\n<li>Badanie moczu.<\/li>\n<li>Badania hormonalne.<\/li>\n<li>Badania ka\u0142u pod k\u0105tem paso\u017cyt\u00f3w.<\/li>\n<li>Cytologia i histopatologia.<\/li>\n<li>Badanie mikroskopowe sier\u015bci i zeskrobiny sk\u00f3ry pod k\u0105tem paso\u017cyt\u00f3w zewn\u0119trznych (\u015bwierzb, nu\u017ceniec).<\/li>\n<\/ul>\n<\/div><\/div> \n                        <strong style=\"font-size:17px; background-color:#ffffff; letter-spacing:1px; font-weight:normal;  color:#282828; border:1px solid #e5e5e5;padding:15px 30px 15px 30px  \">Znakowanie elektroniczne<\/strong>\n        <div style=\"background-color:#ffffff; color:#787878!important; border:1px solid #e5e5e5;\"><div class=\"accordion_animation description_box\" style=\"color:#787878!important;\"><ul>\n<li>Znakowanie zwierz\u0105t poprzez implantacj\u0119 transpondera (microchipu).<\/li>\n<\/ul>\n<p>&nbsp;<\/p>\n<blockquote><p>Przy znakowaniu zwierz\u0119cia, bezp\u0142atnie wprowadzam dane Pa\u0144stwa pupila do\u00a0<a href=\"https:\/\/www.safe-animal.eu\/\"><span style=\"font-family: Consolas, Monaco, monospace; line-height: 1.5;\">Mi\u0119dzynarodowej Bazy Danych SAFE-ANIMAL<\/span><\/a>, kt\u00f3ra w razie zagini\u0119cia oznakowanego zwierz\u0119cia, pomaga w jego odnajdywaniu.<\/p><\/blockquote>\n<\/div><\/div> \n                        <strong style=\"font-size:17px; background-color:#ffffff; letter-spacing:1px; font-weight:normal;  color:#282828; border:1px solid #e5e5e5;padding:15px 30px 15px 30px  \">Dietetyka<\/strong>\n        <div style=\"background-color:#ffffff; color:#787878!important; border:1px solid #e5e5e5;\"><div class=\"accordion_animation description_box\" style=\"color:#787878!important;\"><ul>\n<li>Porady dietetyczne w zakresie \u017cywienia ps\u00f3w i kot\u00f3w.<\/li>\n<li>Sprzeda\u017c karm bytowych i leczniczych.<\/li>\n<li>Bilansowanie diet domowych pod k\u0105tem trwaj\u0105cych schorze\u0144.<\/li>\n<\/ul>\n<\/div><\/div> \n                        <strong style=\"font-size:17px; background-color:#ffffff; letter-spacing:1px; font-weight:normal;  color:#282828; border:1px solid #e5e5e5;padding:15px 30px 15px 30px  \">Piel\u0119gnacja<\/strong>\n        <div style=\"background-color:#ffffff; color:#787878!important; border:1px solid #e5e5e5;\"><div class=\"accordion_animation description_box\" style=\"color:#787878!important;\"><ul>\n<li>Korekta d\u0142ugo\u015bci pazur\u00f3w u zwierz\u0105t towarzysz\u0105cych.<\/li>\n<li>Czyszczenie uszu.<\/li>\n<li>Dystrybucja preparat\u00f3w piel\u0119gnacyjnych z linii weterynaryjnych.<\/li>\n<\/ul>\n<\/div><\/div> \n                        <strong style=\"font-size:17px; background-color:#ffffff; letter-spacing:1px; font-weight:normal;  color:#282828; border:1px solid #e5e5e5;padding:15px 30px 15px 30px  \">Stomatologia<\/strong>\n        <div style=\"background-color:#ffffff; color:#787878!important; border:1px solid #e5e5e5;\"><div class=\"accordion_animation description_box\" style=\"color:#787878!important;\"><ul>\n<li>Profilaktyka i badanie stomatologiczne.<\/li>\n<li>Ultrad\u017awi\u0119kowe usuwanie osad\u00f3w naz\u0119bnych.<\/li>\n<li>Ekstrakcje z\u0119b\u00f3w mlecznych i sta\u0142ych.<\/li>\n<li>Leczenie zapale\u0144 przyz\u0119bia.<\/li>\n<li>Sprzeda\u017c preparat\u00f3w ograniczaj\u0105cych powstawanie kamienia naz\u0119bnego.<\/li>\n<\/ul>\n<\/div><\/div> \n                        <strong style=\"font-size:17px; background-color:#ffffff; letter-spacing:1px; font-weight:normal;  color:#282828; border:1px solid #e5e5e5;padding:15px 30px 15px 30px  \">Chirurgia<\/strong>\n        <div style=\"background-color:#ffffff; color:#787878!important; border:1px solid #e5e5e5;\"><div class=\"accordion_animation description_box\" style=\"color:#787878!important;\"><ul>\n<li>Szeroki zakres chirurgii mi\u0119kkiej, w tym kastracje i sterylizacje zwierz\u0105t domowych.<\/li>\n<li>Profesjonalna opieka pooperacyjna nad pacjentem chirurgicznym.<\/li>\n<\/ul>\n<blockquote><p>Przed zabiegiem chirurgicznym wskazana jest konsultacja lekarsko \u2013 weterynaryjna, badanie kliniczne zwierz\u0119cia oraz ustalenie planu dalszego post\u0119powania.<\/p><\/blockquote>\n<\/div><\/div> \n                        <strong style=\"font-size:17px; background-color:#ffffff; letter-spacing:1px; font-weight:normal;  color:#282828; border:1px solid #e5e5e5;padding:15px 30px 15px 30px  \">Ginekologia i po\u0142o\u017cnictwo<\/strong>\n        <div style=\"background-color:#ffffff; color:#787878!important; border:1px solid #e5e5e5;\"><div class=\"accordion_animation description_box\" style=\"color:#787878!important;\"><ul>\n<li>Planowanie terminu krycia (badanie poziomu hormon\u00f3w, cytologia).<\/li>\n<li>Inseminacja.<\/li>\n<li>Pomoc porodowa.<\/li>\n<li>Cesarskie ci\u0119cie.<\/li>\n<li>Opieka poporodowa nad matk\u0105 i potomstwem.<\/li>\n<li>Badanie USG pozwalaj\u0105ce potwierdzi\u0107 lub wykluczy\u0107 ci\u0105\u017c\u0119 oraz zdiagnozowa\u0107 choroby uk\u0142adu rozrodczego.<\/li>\n<\/ul>\n<\/div><\/div> \n                        <strong style=\"font-size:17px; background-color:#ffffff; letter-spacing:1px; font-weight:normal;  color:#282828; border:1px solid #e5e5e5;padding:15px 30px 15px 30px  \">Geriatria<\/strong>\n        <div style=\"background-color:#ffffff; color:#787878!important; border:1px solid #e5e5e5;\"><div class=\"accordion_animation description_box\" style=\"color:#787878!important;\"><ul>\n<li>Terapia b\u00f3lu przewlek\u0142ego u zwierz\u0105t towarzysz\u0105cych.<\/li>\n<li>D\u0142ugofalowe leczenie poprawiaj\u0105ce jako\u015b\u0107 \u017cycia pacjenta w podesz\u0142ym wieku.<\/li>\n<li>Leczenie usprawniaj\u0105ce dzia\u0142anie uk\u0142adu nerwowego.<\/li>\n<li>Leczenie wspomagaj\u0105ce kondycj\u0119 zwierz\u0119cia.<\/li>\n<li>Wykonywanie okresowych bada\u0144 z zakresu profilu geriatrycznego.<\/li>\n<\/ul>\n<\/div><\/div> \n                        <strong style=\"font-size:17px; background-color:#ffffff; letter-spacing:1px; font-weight:normal;  color:#282828; border:1px solid #e5e5e5;padding:15px 30px 15px 30px  \">Wizyty domowe<\/strong>\n        <div style=\"background-color:#ffffff; color:#787878!important; border:1px solid #e5e5e5;\"><div class=\"accordion_animation description_box\" style=\"color:#787878!important;\"><p>W celu um\u00f3wienia wizyty domowej prosz\u0119 o wcze\u015bniejszy kontakt telefoniczny pod numerem 608-184-308.<\/p>\n<\/div><\/div> \n                <\/div><\/div><\/div><\/div><\/div><\/div>","protected":false},"excerpt":{"rendered":"<p>ZAKRES \u015aWIADCZONYCH US\u0141UG<\/p>\n","protected":false},"author":3,"featured_media":0,"parent":0,"menu_order":0,"comment_status":"closed","ping_status":"closed","template":"templates\/template-fullwidth.php","meta":{"footnotes":""},"class_list":["post-554","page","type-page","status-publish","hentry"],"yoast_head":"<!-- This site is optimized with the Yoast SEO plugin v27.4 - https:\/\/yoast.com\/product\/yoast-seo-wordpress\/ -->\n<title>US\u0141UGI - Gabinet Weterynaryjny Bolilapka Bolszewo<\/title>\n<meta name=\"robots\" content=\"index, follow, max-snippet:-1, max-image-preview:large, max-video-preview:-1\" \/>\n<link rel=\"canonical\" href=\"https:\/\/bolilapkabolszewo.pl\/index.php\/uslugi\/\" \/>\n<meta property=\"og:locale\" content=\"pl_PL\" \/>\n<meta property=\"og:type\" content=\"article\" \/>\n<meta property=\"og:title\" content=\"US\u0141UGI - Gabinet Weterynaryjny Bolilapka Bolszewo\" \/>\n<meta property=\"og:description\" content=\"ZAKRES \u015aWIADCZONYCH US\u0141UG\" \/>\n<meta property=\"og:url\" content=\"https:\/\/bolilapkabolszewo.pl\/index.php\/uslugi\/\" \/>\n<meta property=\"og:site_name\" content=\"Gabinet Weterynaryjny Bolilapka Bolszewo\" \/>\n<meta property=\"article:modified_time\" content=\"2021-05-20T17:20:17+00:00\" \/>\n<meta name=\"twitter:card\" content=\"summary_large_image\" \/>\n<script type=\"application\/ld+json\" class=\"yoast-schema-graph\">{\"@context\":\"https:\\\/\\\/schema.org\",\"@graph\":[{\"@type\":\"WebPage\",\"@id\":\"https:\\\/\\\/bolilapkabolszewo.pl\\\/index.php\\\/uslugi\\\/\",\"url\":\"https:\\\/\\\/bolilapkabolszewo.pl\\\/index.php\\\/uslugi\\\/\",\"name\":\"US\u0141UGI - Gabinet Weterynaryjny Bolilapka Bolszewo\",\"isPartOf\":{\"@id\":\"https:\\\/\\\/bolilapkabolszewo.pl\\\/#website\"},\"datePublished\":\"2015-12-14T05:18:18+00:00\",\"dateModified\":\"2021-05-20T17:20:17+00:00\",\"breadcrumb\":{\"@id\":\"https:\\\/\\\/bolilapkabolszewo.pl\\\/index.php\\\/uslugi\\\/#breadcrumb\"},\"inLanguage\":\"pl-PL\",\"potentialAction\":[{\"@type\":\"ReadAction\",\"target\":[\"https:\\\/\\\/bolilapkabolszewo.pl\\\/index.php\\\/uslugi\\\/\"]}]},{\"@type\":\"BreadcrumbList\",\"@id\":\"https:\\\/\\\/bolilapkabolszewo.pl\\\/index.php\\\/uslugi\\\/#breadcrumb\",\"itemListElement\":[{\"@type\":\"ListItem\",\"position\":1,\"name\":\"Strona g\u0142\u00f3wna\",\"item\":\"https:\\\/\\\/bolilapkabolszewo.pl\\\/\"},{\"@type\":\"ListItem\",\"position\":2,\"name\":\"US\u0141UGI\"}]},{\"@type\":\"WebSite\",\"@id\":\"https:\\\/\\\/bolilapkabolszewo.pl\\\/#website\",\"url\":\"https:\\\/\\\/bolilapkabolszewo.pl\\\/\",\"name\":\"Gabinet Weterynaryjny Bolilapka Bolszewo\",\"description\":\"Weterynarz Bolszewo\",\"publisher\":{\"@id\":\"https:\\\/\\\/bolilapkabolszewo.pl\\\/#organization\"},\"potentialAction\":[{\"@type\":\"SearchAction\",\"target\":{\"@type\":\"EntryPoint\",\"urlTemplate\":\"https:\\\/\\\/bolilapkabolszewo.pl\\\/?s={search_term_string}\"},\"query-input\":{\"@type\":\"PropertyValueSpecification\",\"valueRequired\":true,\"valueName\":\"search_term_string\"}}],\"inLanguage\":\"pl-PL\"},{\"@type\":\"Organization\",\"@id\":\"https:\\\/\\\/bolilapkabolszewo.pl\\\/#organization\",\"name\":\"Gabinet Weterynaryjny Boli\u0142apka Bolszewo\",\"url\":\"https:\\\/\\\/bolilapkabolszewo.pl\\\/\",\"logo\":{\"@type\":\"ImageObject\",\"inLanguage\":\"pl-PL\",\"@id\":\"https:\\\/\\\/bolilapkabolszewo.pl\\\/#\\\/schema\\\/logo\\\/image\\\/\",\"url\":\"http:\\\/\\\/bolilapkabolszewo.pl\\\/wp-content\\\/uploads\\\/2016\\\/04\\\/logo-gabinet-xs.jpg\",\"contentUrl\":\"http:\\\/\\\/bolilapkabolszewo.pl\\\/wp-content\\\/uploads\\\/2016\\\/04\\\/logo-gabinet-xs.jpg\",\"width\":114,\"height\":113,\"caption\":\"Gabinet Weterynaryjny Boli\u0142apka Bolszewo\"},\"image\":{\"@id\":\"https:\\\/\\\/bolilapkabolszewo.pl\\\/#\\\/schema\\\/logo\\\/image\\\/\"}}]}<\/script>\n<!-- \/ Yoast SEO plugin. -->","yoast_head_json":{"title":"US\u0141UGI - Gabinet Weterynaryjny Bolilapka Bolszewo","robots":{"index":"index","follow":"follow","max-snippet":"max-snippet:-1","max-image-preview":"max-image-preview:large","max-video-preview":"max-video-preview:-1"},"canonical":"https:\/\/bolilapkabolszewo.pl\/index.php\/uslugi\/","og_locale":"pl_PL","og_type":"article","og_title":"US\u0141UGI - Gabinet Weterynaryjny Bolilapka Bolszewo","og_description":"ZAKRES \u015aWIADCZONYCH US\u0141UG","og_url":"https:\/\/bolilapkabolszewo.pl\/index.php\/uslugi\/","og_site_name":"Gabinet Weterynaryjny Bolilapka Bolszewo","article_modified_time":"2021-05-20T17:20:17+00:00","twitter_card":"summary_large_image","schema":{"@context":"https:\/\/schema.org","@graph":[{"@type":"WebPage","@id":"https:\/\/bolilapkabolszewo.pl\/index.php\/uslugi\/","url":"https:\/\/bolilapkabolszewo.pl\/index.php\/uslugi\/","name":"US\u0141UGI - Gabinet Weterynaryjny Bolilapka Bolszewo","isPartOf":{"@id":"https:\/\/bolilapkabolszewo.pl\/#website"},"datePublished":"2015-12-14T05:18:18+00:00","dateModified":"2021-05-20T17:20:17+00:00","breadcrumb":{"@id":"https:\/\/bolilapkabolszewo.pl\/index.php\/uslugi\/#breadcrumb"},"inLanguage":"pl-PL","potentialAction":[{"@type":"ReadAction","target":["https:\/\/bolilapkabolszewo.pl\/index.php\/uslugi\/"]}]},{"@type":"BreadcrumbList","@id":"https:\/\/bolilapkabolszewo.pl\/index.php\/uslugi\/#breadcrumb","itemListElement":[{"@type":"ListItem","position":1,"name":"Strona g\u0142\u00f3wna","item":"https:\/\/bolilapkabolszewo.pl\/"},{"@type":"ListItem","position":2,"name":"US\u0141UGI"}]},{"@type":"WebSite","@id":"https:\/\/bolilapkabolszewo.pl\/#website","url":"https:\/\/bolilapkabolszewo.pl\/","name":"Gabinet Weterynaryjny Bolilapka Bolszewo","description":"Weterynarz Bolszewo","publisher":{"@id":"https:\/\/bolilapkabolszewo.pl\/#organization"},"potentialAction":[{"@type":"SearchAction","target":{"@type":"EntryPoint","urlTemplate":"https:\/\/bolilapkabolszewo.pl\/?s={search_term_string}"},"query-input":{"@type":"PropertyValueSpecification","valueRequired":true,"valueName":"search_term_string"}}],"inLanguage":"pl-PL"},{"@type":"Organization","@id":"https:\/\/bolilapkabolszewo.pl\/#organization","name":"Gabinet Weterynaryjny Boli\u0142apka Bolszewo","url":"https:\/\/bolilapkabolszewo.pl\/","logo":{"@type":"ImageObject","inLanguage":"pl-PL","@id":"https:\/\/bolilapkabolszewo.pl\/#\/schema\/logo\/image\/","url":"http:\/\/bolilapkabolszewo.pl\/wp-content\/uploads\/2016\/04\/logo-gabinet-xs.jpg","contentUrl":"http:\/\/bolilapkabolszewo.pl\/wp-content\/uploads\/2016\/04\/logo-gabinet-xs.jpg","width":114,"height":113,"caption":"Gabinet Weterynaryjny Boli\u0142apka Bolszewo"},"image":{"@id":"https:\/\/bolilapkabolszewo.pl\/#\/schema\/logo\/image\/"}}]}},"_links":{"self":[{"href":"https:\/\/bolilapkabolszewo.pl\/index.php\/wp-json\/wp\/v2\/pages\/554","targetHints":{"allow":["GET"]}}],"collection":[{"href":"https:\/\/bolilapkabolszewo.pl\/index.php\/wp-json\/wp\/v2\/pages"}],"about":[{"href":"https:\/\/bolilapkabolszewo.pl\/index.php\/wp-json\/wp\/v2\/types\/page"}],"author":[{"embeddable":true,"href":"https:\/\/bolilapkabolszewo.pl\/index.php\/wp-json\/wp\/v2\/users\/3"}],"replies":[{"embeddable":true,"href":"https:\/\/bolilapkabolszewo.pl\/index.php\/wp-json\/wp\/v2\/comments?post=554"}],"version-history":[{"count":24,"href":"https:\/\/bolilapkabolszewo.pl\/index.php\/wp-json\/wp\/v2\/pages\/554\/revisions"}],"predecessor-version":[{"id":1378,"href":"https:\/\/bolilapkabolszewo.pl\/index.php\/wp-json\/wp\/v2\/pages\/554\/revisions\/1378"}],"wp:attachment":[{"href":"https:\/\/bolilapkabolszewo.pl\/index.php\/wp-json\/wp\/v2\/media?parent=554"}],"curies":[{"name":"wp","href":"https:\/\/api.w.org\/{rel}","templated":true}]}}