{"id":1371,"date":"2016-05-19T19:14:46","date_gmt":"2016-05-19T17:14:46","guid":{"rendered":"http:\/\/bolilapkabolszewo.pl\/?page_id=1371"},"modified":"2021-05-20T19:20:01","modified_gmt":"2021-05-20T17:20:01","slug":"polityka-prywatnosci","status":"publish","type":"page","link":"https:\/\/bolilapkabolszewo.pl\/index.php\/polityka-prywatnosci\/","title":{"rendered":"Polityka prywatno\u015bci"},"content":{"rendered":"<div id=\"pl-1371\"  class=\"panel-layout\" ><div id=\"pg-1371-0\"  class=\"panel-grid panel-no-style\" ><div id=\"pgc-1371-0-0\"  class=\"panel-grid-cell\" ><div id=\"panel-1371-0-0-0\" class=\"so-panel widget widget_kaya-custom-title panel-first-child\" data-index=\"0\" ><div class=\" custom_title_wrapper\" ><div class=\"custom_title_center\"><h2 class=\"title_style1\" style=\"padding-bottom:0px; letter-spacing:0px; font-weight:bold; font-style:normal; font-size:30px; line-height:42px; text-align:center; color:#4d4d4d!important;\">Polityka prywatno\u015bci<\/h2><div class=\"row_separator aligncenter\" \" style=\"border-top:2px solid #009c8e;  width:15%; margin-bottom:20px;\"><\/div> <div class=\"clear\"> <\/div><\/div><\/div>\t\t<div class=\"clear\"> <\/div>\n\t\t<\/div><div id=\"panel-1371-0-0-1\" class=\"so-panel widget widget_sow-editor panel-last-child\" data-index=\"1\" ><div\n\t\t\t\n\t\t\tclass=\"so-widget-sow-editor so-widget-sow-editor-base\"\n\t\t\t\n\t\t>\n<div class=\"siteorigin-widget-tinymce textwidget\">\n\t<p>Niniejsza Polityka Prywatno\u015bci okre\u015bla zasady przechowywania i dost\u0119pu do informacji na urz\u0105dzeniach U\u017cytkownika za pomoc\u0105 plik\u00f3w Cookies, s\u0142u\u017c\u0105cych do wy\u015bwietlenia stron internetowych \u017c\u0105danych przez U\u017cytkownika, przez:\u00a0Gabinet Weterynaryjny Boli\u0142apka Jakub Dmitruk z siedzib\u0105 w Bolszewie.<\/p>\n<div>\u00a0<\/div>\n<p style=\"text-align: center;\"><strong>I. Definicje<\/strong><\/p>\n<p>Administrator \u2013 oznacza: \u00a0Gabinet Weterynaryjny Boli\u0142apka Jakub Dmitruk, kt\u00f3ry za po\u015brednictwem Serwisu przechowuje i uzyskuje dost\u0119p do informacji w urz\u0105dzeniach U\u017cytkownika.<br \/> Cookies \u2013 oznacza dane informatyczne, w szczeg\u00f3lno\u015bci niewielkie pliki tekstowe, zapisywane i przechowywane na urz\u0105dzeniach za po\u015brednictwem kt\u00f3rych U\u017cytkownik korzysta ze stron internetowych Serwisu.<br \/> Cookies Administratora \u2013 oznacza Cookies zamieszczane przez Administratora, zwi\u0105zane ze \u015bwiadczeniem us\u0142ug droga elektroniczn\u0105 przez Administratora za po\u015brednictwem Serwisu.<br \/> Cookies Zewn\u0119trzne \u2013 oznacza Cookies zamieszczane przez partner\u00f3w Administratora, za po\u015brednictwem strony internetowej Serwisu.<br \/> Serwis \u2013 oznacza stron\u0119 internetow\u0105, pod kt\u00f3r\u0105 Administrator prowadzi informacyjny serwis internetowy, dzia\u0142aj\u0105cy w domenie www.serenity.to.<br \/> Urz\u0105dzenie \u2013 oznacza elektroniczne urz\u0105dzenie za po\u015brednictwem, kt\u00f3rego U\u017cytkownik uzyskuje dost\u0119p do Serwisu.<br \/> U\u017cytkownik \u2013 oznacza podmiot, kt\u00f3ry korzysta z Serwisu.<\/p>\n<p style=\"text-align: center;\"><strong>II. Rodzaje wykorzystywanych Cookies<\/strong><\/p>\n<p>Stosowane przez Administratora Cookies s\u0105 bezpieczne dla Urz\u0105dzenia U\u017cytkownika. W szczeg\u00f3lno\u015bci t\u0105 drog\u0105 nie jest mo\u017cliwe przedostanie si\u0119 do Urz\u0105dze\u0144 U\u017cytkownik\u00f3w wirus\u00f3w lub innego niechcianego oprogramowania lub oprogramowania z\u0142o\u015bliwego. Pliki te pozwalaj\u0105 zidentyfikowa\u0107 oprogramowanie wykorzystywane przez U\u017cytkownika i dostosowa\u0107 Serwis indywidualnie ka\u017cdemu U\u017cytkownikowi. Cookies zazwyczaj zawieraj\u0105 nazw\u0119 domeny z kt\u00f3rej pochodz\u0105, czas przechowywania ich na Urz\u0105dzeniu oraz przypisan\u0105 warto\u015b\u0107.<\/p>\n<p>Administrator wykorzystuje dwa typy plik\u00f3w cookies:<\/p>\n<ul>\n<li>Cookies sesyjne: s\u0105 przechowywane na Urz\u0105dzeniu U\u017cytkownika i pozostaj\u0105 tam do momentu zako\u0144czenia sesji danej przegl\u0105darki. Zapisane informacje s\u0105 w\u00f3wczas trwale usuwane z pami\u0119ci Urz\u0105dzenia. Mechanizm cookies sesyjnych nie pozwala na pobieranie jakichkolwiek danych osobowych ani \u017cadnych informacji poufnych z Urz\u0105dzenia U\u017cytkownika.<\/li>\n<li>Cookies trwa\u0142e: s\u0105 przechowywane na Urz\u0105dzeniu U\u017cytkownika i pozostaj\u0105 tam do momentu ich skasowania. Zako\u0144czenie sesji danej przegl\u0105darki lub wy\u0142\u0105czenie Urz\u0105dzenia nie powoduje ich usuni\u0119cia z Urz\u0105dzenia U\u017cytkownika. Mechanizm cookies trwa\u0142ych nie pozwala na pobieranie jakichkolwiek danych osobowych ani \u017cadnych informacji poufnych z Urz\u0105dzenia U\u017cytkownika.<\/li>\n<\/ul>\n<p>U\u017cytkownik ma mo\u017cliwo\u015b\u0107 ograniczenia lub wy\u0142\u0105czenia dost\u0119pu plik\u00f3w cookies do swojego Urz\u0105dzenia. W przypadku skorzystania z tej opcji korzystanie ze Serwisu b\u0119dzie mo\u017cliwe, poza funkcjami, kt\u00f3re ze swojej natury wymagaj\u0105 plik\u00f3w cookies.<\/p>\n<p style=\"text-align: center;\"><strong>III. Cele w jakich wykorzystywane s\u0105 Cookies<\/strong><\/p>\n<p>Administrator wykorzystuje Cookies W\u0142asne w nast\u0119puj\u0105cych celach:<\/p>\n<ol>\n<li>Realizacji proces\u00f3w niezb\u0119dnych dla pe\u0142nej funkcjonalno\u015bci stron internetowych<\/li>\n<li>Analiz i bada\u0144 oraz audytu ogl\u0105dalno\u015bci \u2013 tworzenia anonimowych statystyk, kt\u00f3re pomagaj\u0105 zrozumie\u0107, w jaki spos\u00f3b U\u017cytkownicy Serwisu korzystaj\u0105 ze stron internetowych Serwisu, co umo\u017cliwia ulepszanie ich struktury i zawarto\u015bci;<\/li>\n<\/ol>\n<p>Administrator wykorzystuje Cookies Zewn\u0119trzne w nast\u0119puj\u0105cych celach:<\/p>\n<ol>\n<li>zbierania og\u00f3lnych i anonimowych danych statycznych za po\u015brednictwem narz\u0119dzi analitycznych Google Analytics [administrator cookies: Google Inc z siedzib\u0105 w USA].<\/li>\n<\/ol>\n<p style=\"text-align: center;\"><strong>IV. Mo\u017cliwo\u015bci okre\u015blenia warunk\u00f3w przechowywania lub uzyskiwania dost\u0119pu przez Cookies<\/strong><\/p>\n<p>U\u017cytkownik mo\u017ce samodzielnie i w ka\u017cdym czasie zmieni\u0107 ustawienia dotycz\u0105ce plik\u00f3w Cookies, okre\u015blaj\u0105c warunki ich przechowywania i uzyskiwania dost\u0119pu przez pliki Cookies do Urz\u0105dzenia U\u017cytkownika. Zmiany ustawie\u0144, o kt\u00f3rych mowa w zdaniu poprzednim, U\u017cytkownik mo\u017ce dokona\u0107 za pomoc\u0105 ustawie\u0144 przegl\u0105darki internetowej. Ustawienia te mog\u0105 zosta\u0107 zmienione w szczeg\u00f3lno\u015bci w taki spos\u00f3b, aby blokowa\u0107 automatyczn\u0105 obs\u0142ug\u0119 plik\u00f3w cookies w ustawieniach przegl\u0105darki internetowej b\u0105d\u017a informowa\u0107 o ich ka\u017cdorazowym zamieszczeniu Cookies na urz\u0105dzeniu U\u017cytkownika. Szczeg\u00f3\u0142owe informacje o mo\u017cliwo\u015bci i sposobach obs\u0142ugi plik\u00f3w cookies dost\u0119pne s\u0105 w ustawieniach oprogramowania (przegl\u0105darki internetowej).<\/p>\n<p>U\u017cytkownik mo\u017ce w ka\u017cdej chwili usun\u0105\u0107 pliki Cookies korzystaj\u0105c z dost\u0119pnych funkcji w przegl\u0105darce internetowej, kt\u00f3rej u\u017cywa.<\/p>\n<p>Ograniczenie stosowania plik\u00f3w Cookies, mo\u017ce wp\u0142yn\u0105\u0107 na niekt\u00f3re funkcjonalno\u015bci dost\u0119pne na stronie internetowej Serwisu.<\/p>\n<\/div>\n<\/div><\/div><\/div><\/div><\/div>","protected":false},"excerpt":{"rendered":"<p>Niniejsza Polityka Prywatno\u015bci okre\u015bla zasady przechowywania i dost\u0119pu do informacji na urz\u0105dzeniach U\u017cytkownika za pomoc\u0105 plik\u00f3w Cookies, s\u0142u\u017c\u0105cych do wy\u015bwietlenia stron internetowych \u017c\u0105danych przez U\u017cytkownika, przez:\u00a0Gabinet Weterynaryjny Boli\u0142apka Jakub Dmitruk z siedzib\u0105 w Bolszewie.\u00a0I. DefinicjeAdministrator \u2013 oznacza: \u00a0Gabinet Weterynaryjny Boli\u0142apka Jakub Dmitruk, kt\u00f3ry za po\u015brednictwem Serwisu przechowuje i uzyskuje dost\u0119p do informacji w urz\u0105dzeniach U\u017cytkownika. [&hellip;]<\/p>\n","protected":false},"author":3,"featured_media":0,"parent":0,"menu_order":0,"comment_status":"closed","ping_status":"closed","template":"templates\/template-fullwidth.php","meta":{"footnotes":""},"class_list":["post-1371","page","type-page","status-publish","hentry"],"yoast_head":"<!-- This site is optimized with the Yoast SEO plugin v27.5 - https:\/\/yoast.com\/product\/yoast-seo-wordpress\/ -->\n<title>Polityka prywatno\u015bci - Gabinet Weterynaryjny Bolilapka Bolszewo<\/title>\n<meta name=\"robots\" content=\"index, follow, max-snippet:-1, max-image-preview:large, max-video-preview:-1\" \/>\n<link rel=\"canonical\" href=\"https:\/\/bolilapkabolszewo.pl\/index.php\/polityka-prywatnosci\/\" \/>\n<meta property=\"og:locale\" content=\"pl_PL\" \/>\n<meta property=\"og:type\" content=\"article\" \/>\n<meta property=\"og:title\" content=\"Polityka prywatno\u015bci - Gabinet Weterynaryjny Bolilapka Bolszewo\" \/>\n<meta property=\"og:description\" content=\"Niniejsza Polityka Prywatno\u015bci okre\u015bla zasady przechowywania i dost\u0119pu do informacji na urz\u0105dzeniach U\u017cytkownika za pomoc\u0105 plik\u00f3w Cookies, s\u0142u\u017c\u0105cych do wy\u015bwietlenia stron internetowych \u017c\u0105danych przez U\u017cytkownika, przez:\u00a0Gabinet Weterynaryjny Boli\u0142apka Jakub Dmitruk z siedzib\u0105 w Bolszewie.\u00a0I. DefinicjeAdministrator \u2013 oznacza: \u00a0Gabinet Weterynaryjny Boli\u0142apka Jakub Dmitruk, kt\u00f3ry za po\u015brednictwem Serwisu przechowuje i uzyskuje dost\u0119p do informacji w urz\u0105dzeniach U\u017cytkownika. [&hellip;]\" \/>\n<meta property=\"og:url\" content=\"https:\/\/bolilapkabolszewo.pl\/index.php\/polityka-prywatnosci\/\" \/>\n<meta property=\"og:site_name\" content=\"Gabinet Weterynaryjny Bolilapka Bolszewo\" \/>\n<meta property=\"article:modified_time\" content=\"2021-05-20T17:20:01+00:00\" \/>\n<meta name=\"twitter:card\" content=\"summary_large_image\" \/>\n<meta name=\"twitter:label1\" content=\"Szacowany czas czytania\" \/>\n\t<meta name=\"twitter:data1\" content=\"4 minuty\" \/>\n<script type=\"application\/ld+json\" class=\"yoast-schema-graph\">{\"@context\":\"https:\\\/\\\/schema.org\",\"@graph\":[{\"@type\":\"WebPage\",\"@id\":\"https:\\\/\\\/bolilapkabolszewo.pl\\\/index.php\\\/polityka-prywatnosci\\\/\",\"url\":\"https:\\\/\\\/bolilapkabolszewo.pl\\\/index.php\\\/polityka-prywatnosci\\\/\",\"name\":\"Polityka prywatno\u015bci - Gabinet Weterynaryjny Bolilapka Bolszewo\",\"isPartOf\":{\"@id\":\"https:\\\/\\\/bolilapkabolszewo.pl\\\/#website\"},\"datePublished\":\"2016-05-19T17:14:46+00:00\",\"dateModified\":\"2021-05-20T17:20:01+00:00\",\"breadcrumb\":{\"@id\":\"https:\\\/\\\/bolilapkabolszewo.pl\\\/index.php\\\/polityka-prywatnosci\\\/#breadcrumb\"},\"inLanguage\":\"pl-PL\",\"potentialAction\":[{\"@type\":\"ReadAction\",\"target\":[\"https:\\\/\\\/bolilapkabolszewo.pl\\\/index.php\\\/polityka-prywatnosci\\\/\"]}]},{\"@type\":\"BreadcrumbList\",\"@id\":\"https:\\\/\\\/bolilapkabolszewo.pl\\\/index.php\\\/polityka-prywatnosci\\\/#breadcrumb\",\"itemListElement\":[{\"@type\":\"ListItem\",\"position\":1,\"name\":\"Strona g\u0142\u00f3wna\",\"item\":\"https:\\\/\\\/bolilapkabolszewo.pl\\\/\"},{\"@type\":\"ListItem\",\"position\":2,\"name\":\"Polityka prywatno\u015bci\"}]},{\"@type\":\"WebSite\",\"@id\":\"https:\\\/\\\/bolilapkabolszewo.pl\\\/#website\",\"url\":\"https:\\\/\\\/bolilapkabolszewo.pl\\\/\",\"name\":\"Gabinet Weterynaryjny Bolilapka Bolszewo\",\"description\":\"Weterynarz Bolszewo\",\"publisher\":{\"@id\":\"https:\\\/\\\/bolilapkabolszewo.pl\\\/#organization\"},\"potentialAction\":[{\"@type\":\"SearchAction\",\"target\":{\"@type\":\"EntryPoint\",\"urlTemplate\":\"https:\\\/\\\/bolilapkabolszewo.pl\\\/?s={search_term_string}\"},\"query-input\":{\"@type\":\"PropertyValueSpecification\",\"valueRequired\":true,\"valueName\":\"search_term_string\"}}],\"inLanguage\":\"pl-PL\"},{\"@type\":\"Organization\",\"@id\":\"https:\\\/\\\/bolilapkabolszewo.pl\\\/#organization\",\"name\":\"Gabinet Weterynaryjny Boli\u0142apka Bolszewo\",\"url\":\"https:\\\/\\\/bolilapkabolszewo.pl\\\/\",\"logo\":{\"@type\":\"ImageObject\",\"inLanguage\":\"pl-PL\",\"@id\":\"https:\\\/\\\/bolilapkabolszewo.pl\\\/#\\\/schema\\\/logo\\\/image\\\/\",\"url\":\"http:\\\/\\\/bolilapkabolszewo.pl\\\/wp-content\\\/uploads\\\/2016\\\/04\\\/logo-gabinet-xs.jpg\",\"contentUrl\":\"http:\\\/\\\/bolilapkabolszewo.pl\\\/wp-content\\\/uploads\\\/2016\\\/04\\\/logo-gabinet-xs.jpg\",\"width\":114,\"height\":113,\"caption\":\"Gabinet Weterynaryjny Boli\u0142apka Bolszewo\"},\"image\":{\"@id\":\"https:\\\/\\\/bolilapkabolszewo.pl\\\/#\\\/schema\\\/logo\\\/image\\\/\"}}]}<\/script>\n<!-- \/ Yoast SEO plugin. -->","yoast_head_json":{"title":"Polityka prywatno\u015bci - Gabinet Weterynaryjny Bolilapka Bolszewo","robots":{"index":"index","follow":"follow","max-snippet":"max-snippet:-1","max-image-preview":"max-image-preview:large","max-video-preview":"max-video-preview:-1"},"canonical":"https:\/\/bolilapkabolszewo.pl\/index.php\/polityka-prywatnosci\/","og_locale":"pl_PL","og_type":"article","og_title":"Polityka prywatno\u015bci - Gabinet Weterynaryjny Bolilapka Bolszewo","og_description":"Niniejsza Polityka Prywatno\u015bci okre\u015bla zasady przechowywania i dost\u0119pu do informacji na urz\u0105dzeniach U\u017cytkownika za pomoc\u0105 plik\u00f3w Cookies, s\u0142u\u017c\u0105cych do wy\u015bwietlenia stron internetowych \u017c\u0105danych przez U\u017cytkownika, przez:\u00a0Gabinet Weterynaryjny Boli\u0142apka Jakub Dmitruk z siedzib\u0105 w Bolszewie.\u00a0I. DefinicjeAdministrator \u2013 oznacza: \u00a0Gabinet Weterynaryjny Boli\u0142apka Jakub Dmitruk, kt\u00f3ry za po\u015brednictwem Serwisu przechowuje i uzyskuje dost\u0119p do informacji w urz\u0105dzeniach U\u017cytkownika. [&hellip;]","og_url":"https:\/\/bolilapkabolszewo.pl\/index.php\/polityka-prywatnosci\/","og_site_name":"Gabinet Weterynaryjny Bolilapka Bolszewo","article_modified_time":"2021-05-20T17:20:01+00:00","twitter_card":"summary_large_image","twitter_misc":{"Szacowany czas czytania":"4 minuty"},"schema":{"@context":"https:\/\/schema.org","@graph":[{"@type":"WebPage","@id":"https:\/\/bolilapkabolszewo.pl\/index.php\/polityka-prywatnosci\/","url":"https:\/\/bolilapkabolszewo.pl\/index.php\/polityka-prywatnosci\/","name":"Polityka prywatno\u015bci - Gabinet Weterynaryjny Bolilapka Bolszewo","isPartOf":{"@id":"https:\/\/bolilapkabolszewo.pl\/#website"},"datePublished":"2016-05-19T17:14:46+00:00","dateModified":"2021-05-20T17:20:01+00:00","breadcrumb":{"@id":"https:\/\/bolilapkabolszewo.pl\/index.php\/polityka-prywatnosci\/#breadcrumb"},"inLanguage":"pl-PL","potentialAction":[{"@type":"ReadAction","target":["https:\/\/bolilapkabolszewo.pl\/index.php\/polityka-prywatnosci\/"]}]},{"@type":"BreadcrumbList","@id":"https:\/\/bolilapkabolszewo.pl\/index.php\/polityka-prywatnosci\/#breadcrumb","itemListElement":[{"@type":"ListItem","position":1,"name":"Strona g\u0142\u00f3wna","item":"https:\/\/bolilapkabolszewo.pl\/"},{"@type":"ListItem","position":2,"name":"Polityka prywatno\u015bci"}]},{"@type":"WebSite","@id":"https:\/\/bolilapkabolszewo.pl\/#website","url":"https:\/\/bolilapkabolszewo.pl\/","name":"Gabinet Weterynaryjny Bolilapka Bolszewo","description":"Weterynarz Bolszewo","publisher":{"@id":"https:\/\/bolilapkabolszewo.pl\/#organization"},"potentialAction":[{"@type":"SearchAction","target":{"@type":"EntryPoint","urlTemplate":"https:\/\/bolilapkabolszewo.pl\/?s={search_term_string}"},"query-input":{"@type":"PropertyValueSpecification","valueRequired":true,"valueName":"search_term_string"}}],"inLanguage":"pl-PL"},{"@type":"Organization","@id":"https:\/\/bolilapkabolszewo.pl\/#organization","name":"Gabinet Weterynaryjny Boli\u0142apka Bolszewo","url":"https:\/\/bolilapkabolszewo.pl\/","logo":{"@type":"ImageObject","inLanguage":"pl-PL","@id":"https:\/\/bolilapkabolszewo.pl\/#\/schema\/logo\/image\/","url":"http:\/\/bolilapkabolszewo.pl\/wp-content\/uploads\/2016\/04\/logo-gabinet-xs.jpg","contentUrl":"http:\/\/bolilapkabolszewo.pl\/wp-content\/uploads\/2016\/04\/logo-gabinet-xs.jpg","width":114,"height":113,"caption":"Gabinet Weterynaryjny Boli\u0142apka Bolszewo"},"image":{"@id":"https:\/\/bolilapkabolszewo.pl\/#\/schema\/logo\/image\/"}}]}},"_links":{"self":[{"href":"https:\/\/bolilapkabolszewo.pl\/index.php\/wp-json\/wp\/v2\/pages\/1371","targetHints":{"allow":["GET"]}}],"collection":[{"href":"https:\/\/bolilapkabolszewo.pl\/index.php\/wp-json\/wp\/v2\/pages"}],"about":[{"href":"https:\/\/bolilapkabolszewo.pl\/index.php\/wp-json\/wp\/v2\/types\/page"}],"author":[{"embeddable":true,"href":"https:\/\/bolilapkabolszewo.pl\/index.php\/wp-json\/wp\/v2\/users\/3"}],"replies":[{"embeddable":true,"href":"https:\/\/bolilapkabolszewo.pl\/index.php\/wp-json\/wp\/v2\/comments?post=1371"}],"version-history":[{"count":3,"href":"https:\/\/bolilapkabolszewo.pl\/index.php\/wp-json\/wp\/v2\/pages\/1371\/revisions"}],"predecessor-version":[{"id":1374,"href":"https:\/\/bolilapkabolszewo.pl\/index.php\/wp-json\/wp\/v2\/pages\/1371\/revisions\/1374"}],"wp:attachment":[{"href":"https:\/\/bolilapkabolszewo.pl\/index.php\/wp-json\/wp\/v2\/media?parent=1371"}],"curies":[{"name":"wp","href":"https:\/\/api.w.org\/{rel}","templated":true}]}}